{"id":15,"date":"2026-03-15T03:29:43","date_gmt":"2026-03-15T02:29:43","guid":{"rendered":"https:\/\/roxannventura.uproyecto.com\/?page_id=15"},"modified":"2026-03-26T23:17:51","modified_gmt":"2026-03-26T22:17:51","slug":"inicio","status":"publish","type":"page","link":"https:\/\/roxannventura.uproyecto.com\/","title":{"rendered":"INICIO"},"content":{"rendered":"<p>[et_pb_section fb_built=\u00bb1&#8243; _builder_version=\u00bb4.27.5&#8243; _module_preset=\u00bbdefault\u00bb background_image=\u00bbhttps:\/\/roxannventura.uproyecto.com\/wp-content\/uploads\/2026\/03\/Diseno-sin-titulo-8.png\u00bb global_colors_info=\u00bb{}\u00bb][et_pb_row _builder_version=\u00bb4.27.5&#8243; _module_preset=\u00bbdefault\u00bb global_colors_info=\u00bb{}\u00bb][et_pb_column type=\u00bb4_4&#8243; _builder_version=\u00bb4.27.5&#8243; _module_preset=\u00bbdefault\u00bb global_colors_info=\u00bb{}\u00bb][et_pb_image src=\u00bbhttps:\/\/roxannventura.uproyecto.com\/wp-content\/uploads\/2026\/03\/gafete-scaled.png\u00bb title_text=\u00bbgafete\u00bb _builder_version=\u00bb4.27.5&#8243; _module_preset=\u00bbdefault\u00bb custom_margin=\u00bb-79px||||false|false\u00bb custom_margin_tablet=\u00bb-79px||||false|false\u00bb custom_margin_phone=\u00bb-79px||||false|false\u00bb custom_margin_last_edited=\u00bbon|desktop\u00bb global_colors_info=\u00bb{}\u00bb][\/et_pb_image][\/et_pb_column][\/et_pb_row][\/et_pb_section][et_pb_section fb_built=\u00bb1&#8243; _builder_version=\u00bb4.27.5&#8243; _module_preset=\u00bbdefault\u00bb background_image=\u00bbhttps:\/\/roxannventura.uproyecto.com\/wp-content\/uploads\/2026\/03\/Diseno-sin-titulo-8.png\u00bb global_colors_info=\u00bb{}\u00bb][et_pb_row column_structure=\u00bb1_2,1_2&#8243; _builder_version=\u00bb4.27.5&#8243; _module_preset=\u00bbdefault\u00bb global_colors_info=\u00bb{}\u00bb][et_pb_column type=\u00bb1_2&#8243; _builder_version=\u00bb4.27.5&#8243; _module_preset=\u00bbdefault\u00bb global_colors_info=\u00bb{}\u00bb][et_pb_image src=\u00bbhttps:\/\/roxannventura.uproyecto.com\/wp-content\/uploads\/2026\/03\/26.png\u00bb title_text=\u00bb26&#8243; _builder_version=\u00bb4.27.5&#8243; _module_preset=\u00bbdefault\u00bb global_colors_info=\u00bb{}\u00bb][\/et_pb_image][\/et_pb_column][et_pb_column type=\u00bb1_2&#8243; _builder_version=\u00bb4.27.5&#8243; _module_preset=\u00bbdefault\u00bb global_colors_info=\u00bb{}\u00bb][et_pb_heading title=\u00bb\u00bfQui\u00e9n soy?\u00bb _builder_version=\u00bb4.27.5&#8243; _module_preset=\u00bbdefault\u00bb title_font=\u00bbRaleway|700|||||||\u00bb title_text_align=\u00bbleft\u00bb title_text_color=\u00bb#43486B\u00bb title_font_size=\u00bb45px\u00bb custom_margin=\u00bb172px||||false|false\u00bb custom_margin_tablet=\u00bb48px||||false|false\u00bb custom_margin_phone=\u00bb48px||||false|false\u00bb custom_margin_last_edited=\u00bbon|desktop\u00bb title_font_size_tablet=\u00bb45px\u00bb title_font_size_phone=\u00bb45px\u00bb title_font_size_last_edited=\u00bbon|desktop\u00bb global_colors_info=\u00bb{}\u00bb][\/et_pb_heading][et_pb_text _builder_version=\u00bb4.27.5&#8243; _module_preset=\u00bbdefault\u00bb text_font=\u00bbRaleway||||||||\u00bb text_text_color=\u00bb#43486B\u00bb text_font_size=\u00bb16px\u00bb header_text_align=\u00bbjustify\u00bb custom_margin=\u00bb-22px||||false|false\u00bb custom_margin_tablet=\u00bb-22px||||false|false\u00bb custom_margin_phone=\u00bb-22px||||false|false\u00bb custom_margin_last_edited=\u00bbon|desktop\u00bb global_colors_info=\u00bb{}\u00bb]<\/p>\n<p><span class=\"_aupe copyable-text xkrh14z\">Soy Xannns, dise\u00f1adora gr\u00e1fica. No solo muevo p\u00edxeles; creo piezas visuales con estilo y una idea clara<\/span><\/p>\n<p>[\/et_pb_text][\/et_pb_column][\/et_pb_row][et_pb_row column_structure=\u00bb1_2,1_2&#8243; _builder_version=\u00bb4.27.5&#8243; _module_preset=\u00bbdefault\u00bb global_colors_info=\u00bb{}\u00bb][et_pb_column type=\u00bb1_2&#8243; _builder_version=\u00bb4.27.5&#8243; _module_preset=\u00bbdefault\u00bb global_colors_info=\u00bb{}\u00bb][et_pb_heading title=\u00bb\u00bfQu\u00e9 hago?\u00bb _builder_version=\u00bb4.27.5&#8243; _module_preset=\u00bbdefault\u00bb title_font=\u00bbRaleway|700|||||||\u00bb title_text_color=\u00bb#43486B\u00bb title_font_size=\u00bb45px\u00bb custom_margin=\u00bb190px||||false|false\u00bb custom_margin_tablet=\u00bb314px||||false|false\u00bb custom_margin_phone=\u00bb197px||||false|false\u00bb custom_margin_last_edited=\u00bbon|desktop\u00bb global_colors_info=\u00bb{}\u00bb][\/et_pb_heading][et_pb_text _builder_version=\u00bb4.27.5&#8243; _module_preset=\u00bbdefault\u00bb text_font=\u00bbRaleway||||||||\u00bb text_text_color=\u00bb#43486B\u00bb text_font_size=\u00bb16px\u00bb global_colors_info=\u00bb{}\u00bb]<\/p>\n<p><span class=\"_aupe copyable-text xkrh14z\">Transformo ideas en identidad visual y contenido digital. B\u00e1sicamente, hago que tu proyecto pase de \u00abuna idea\u00bb a algo profesional, atractivo y que funciona.<\/span><\/p>\n<p>[\/et_pb_text][\/et_pb_column][et_pb_column type=\u00bb1_2&#8243; _builder_version=\u00bb4.27.5&#8243; _module_preset=\u00bbdefault\u00bb global_colors_info=\u00bb{}\u00bb][et_pb_image src=\u00bbhttps:\/\/roxannventura.uproyecto.com\/wp-content\/uploads\/2026\/03\/25.png\u00bb title_text=\u00bb25&#8243; _builder_version=\u00bb4.27.5&#8243; _module_preset=\u00bbdefault\u00bb global_colors_info=\u00bb{}\u00bb][\/et_pb_image][\/et_pb_column][\/et_pb_row][et_pb_row column_structure=\u00bb1_2,1_2&#8243; _builder_version=\u00bb4.27.5&#8243; _module_preset=\u00bbdefault\u00bb global_colors_info=\u00bb{}\u00bb][et_pb_column type=\u00bb1_2&#8243; _builder_version=\u00bb4.27.5&#8243; _module_preset=\u00bbdefault\u00bb global_colors_info=\u00bb{}\u00bb][et_pb_image src=\u00bbhttps:\/\/roxannventura.uproyecto.com\/wp-content\/uploads\/2026\/03\/27.png\u00bb title_text=\u00bb27&#8243; _builder_version=\u00bb4.27.5&#8243; _module_preset=\u00bbdefault\u00bb custom_margin_tablet=\u00bb280px||||false|false\u00bb custom_margin_phone=\u00bb179px||||false|false\u00bb custom_margin_last_edited=\u00bbon|tablet\u00bb global_colors_info=\u00bb{}\u00bb][\/et_pb_image][\/et_pb_column][et_pb_column type=\u00bb1_2&#8243; _builder_version=\u00bb4.27.5&#8243; _module_preset=\u00bbdefault\u00bb global_colors_info=\u00bb{}\u00bb][et_pb_heading title=\u00bb\u00bfPara qui\u00e9n?\u00bb _builder_version=\u00bb4.27.5&#8243; _module_preset=\u00bbdefault\u00bb title_font=\u00bbRaleway|700|||||||\u00bb title_text_align=\u00bbleft\u00bb title_text_color=\u00bb#43486B\u00bb title_font_size=\u00bb45px\u00bb custom_margin=\u00bb172px||||false|false\u00bb custom_margin_tablet=\u00bb-16px||||false|false\u00bb custom_margin_phone=\u00bb-16px||||false|false\u00bb custom_margin_last_edited=\u00bbon|desktop\u00bb title_font_size_tablet=\u00bb45px\u00bb title_font_size_phone=\u00bb45px\u00bb title_font_size_last_edited=\u00bbon|desktop\u00bb global_colors_info=\u00bb{}\u00bb][\/et_pb_heading][et_pb_text _builder_version=\u00bb4.27.5&#8243; _module_preset=\u00bbdefault\u00bb text_font=\u00bbRaleway||||||||\u00bb text_text_color=\u00bb#43486B\u00bb text_font_size=\u00bb16px\u00bb header_text_align=\u00bbjustify\u00bb custom_margin=\u00bb-22px||||false|false\u00bb custom_margin_tablet=\u00bb-22px||||false|false\u00bb custom_margin_phone=\u00bb-22px||||false|false\u00bb custom_margin_last_edited=\u00bbon|desktop\u00bb global_colors_info=\u00bb{}\u00bb]<\/p>\n<p><span class=\"_aupe copyable-text xkrh14z\">Para marcas y emprendedores que no se conforman con lo mismo de siempre y buscan una est\u00e9tica creativa y diferente.<\/span><\/p>\n<p>[\/et_pb_text][\/et_pb_column][\/et_pb_row][et_pb_row column_structure=\u00bb1_2,1_2&#8243; _builder_version=\u00bb4.27.5&#8243; _module_preset=\u00bbdefault\u00bb global_colors_info=\u00bb{}\u00bb][et_pb_column type=\u00bb1_2&#8243; _builder_version=\u00bb4.27.5&#8243; _module_preset=\u00bbdefault\u00bb global_colors_info=\u00bb{}\u00bb][et_pb_heading title=\u00bbMi valor\u00bb _builder_version=\u00bb4.27.5&#8243; _module_preset=\u00bbdefault\u00bb title_font=\u00bbRaleway|700|||||||\u00bb title_text_color=\u00bb#43486B\u00bb title_font_size=\u00bb45px\u00bb custom_margin=\u00bb190px||||false|false\u00bb custom_margin_tablet=\u00bb485px||||false|false\u00bb custom_margin_phone=\u00bb211px||||false|false\u00bb custom_margin_last_edited=\u00bbon|desktop\u00bb global_colors_info=\u00bb{}\u00bb][\/et_pb_heading][et_pb_text _builder_version=\u00bb4.27.5&#8243; _module_preset=\u00bbdefault\u00bb text_font=\u00bbRaleway||||||||\u00bb text_text_color=\u00bb#43486B\u00bb text_font_size=\u00bb16px\u00bb global_colors_info=\u00bb{}\u00bb]<\/p>\n<p class=\"_aupe copyable-text x15bjb6t x1n2onr6\"><span class=\"_aupe copyable-text xkrh14z\">No solo hago que se vea \u00abbonito\u00bb. Dise\u00f1o con estrategia para que tu marca tenga una identidad real que transmita exactamente lo que eres.<\/span><\/p>\n<p class=\"_aupe copyable-text x15bjb6t x1n2onr6\">[\/et_pb_text][\/et_pb_column][et_pb_column type=\u00bb1_2&#8243; _builder_version=\u00bb4.27.5&#8243; _module_preset=\u00bbdefault\u00bb global_colors_info=\u00bb{}\u00bb][et_pb_image src=\u00bbhttps:\/\/roxannventura.uproyecto.com\/wp-content\/uploads\/2026\/03\/Diseno-sin-titulo-5.png\u00bb title_text=\u00bbDise\u00f1o sin t\u00edtulo (5)\u00bb _builder_version=\u00bb4.27.5&#8243; _module_preset=\u00bbdefault\u00bb custom_margin_tablet=\u00bb-101px||||false|false\u00bb custom_margin_phone=\u00bb-67px||||false|false\u00bb custom_margin_last_edited=\u00bbon|tablet\u00bb global_colors_info=\u00bb{}\u00bb][\/et_pb_image][\/et_pb_column][\/et_pb_row][et_pb_row column_structure=\u00bb1_2,1_2&#8243; _builder_version=\u00bb4.27.5&#8243; _module_preset=\u00bbdefault\u00bb global_colors_info=\u00bb{}\u00bb][et_pb_column type=\u00bb1_2&#8243; _builder_version=\u00bb4.27.5&#8243; _module_preset=\u00bbdefault\u00bb global_colors_info=\u00bb{}\u00bb][et_pb_image src=\u00bbhttps:\/\/roxannventura.uproyecto.com\/wp-content\/uploads\/2026\/03\/Diseno-sin-titulo-6.png\u00bb title_text=\u00bbDise\u00f1o sin t\u00edtulo (6)\u00bb _builder_version=\u00bb4.27.5&#8243; _module_preset=\u00bbdefault\u00bb custom_margin_tablet=\u00bb276px||||false|false\u00bb custom_margin_phone=\u00bb182px||||false|false\u00bb custom_margin_last_edited=\u00bbon|tablet\u00bb global_colors_info=\u00bb{}\u00bb][\/et_pb_image][\/et_pb_column][et_pb_column type=\u00bb1_2&#8243; _builder_version=\u00bb4.27.5&#8243; _module_preset=\u00bbdefault\u00bb global_colors_info=\u00bb{}\u00bb][et_pb_heading title=\u00bb\u00bfPor qu\u00e9 yo?\u00bb _builder_version=\u00bb4.27.5&#8243; _module_preset=\u00bbdefault\u00bb title_font=\u00bbRaleway|700|||||||\u00bb title_text_align=\u00bbleft\u00bb title_text_color=\u00bb#43486B\u00bb title_font_size=\u00bb45px\u00bb custom_margin=\u00bb172px||||false|false\u00bb custom_margin_tablet=\u00bb-70px||||false|false\u00bb custom_margin_phone=\u00bb-70px||||false|false\u00bb custom_margin_last_edited=\u00bbon|desktop\u00bb title_font_size_tablet=\u00bb45px\u00bb title_font_size_phone=\u00bb45px\u00bb title_font_size_last_edited=\u00bbon|desktop\u00bb global_colors_info=\u00bb{}\u00bb][\/et_pb_heading][et_pb_text _builder_version=\u00bb4.27.5&#8243; _module_preset=\u00bbdefault\u00bb text_font=\u00bbRaleway||||||||\u00bb text_text_color=\u00bb#43486B\u00bb text_font_size=\u00bb16px\u00bb header_text_align=\u00bbjustify\u00bb custom_margin=\u00bb-22px||||false|false\u00bb custom_margin_tablet=\u00bb-22px||||false|false\u00bb custom_margin_phone=\u00bb-22px||||false|false\u00bb custom_margin_last_edited=\u00bbon|desktop\u00bb global_colors_info=\u00bb{}\u00bb]<\/p>\n<p><span class=\"_aupe copyable-text xkrh14z\">Porque me obsesionan los detalles y huyo de lo gen\u00e9rico. Escucho tu visi\u00f3n y la convierto en un dise\u00f1o con alma y prop\u00f3sito.<\/span><\/p>\n<p>[\/et_pb_text][\/et_pb_column][\/et_pb_row][\/et_pb_section]<\/p>\n","protected":false},"excerpt":{"rendered":"<p>Soy Xannns, dise\u00f1adora gr\u00e1fica. No solo muevo p\u00edxeles; creo piezas visuales con estilo y una idea claraTransformo ideas en identidad visual y contenido digital. B\u00e1sicamente, hago que tu proyecto pase de \u00abuna idea\u00bb a algo profesional, atractivo y que funciona.Para marcas y emprendedores que no se conforman con lo mismo de siempre y buscan una [&hellip;]<\/p>\n","protected":false},"author":1,"featured_media":0,"parent":0,"menu_order":0,"comment_status":"closed","ping_status":"closed","template":"","meta":{"_et_pb_use_builder":"on","_et_pb_old_content":"","_et_gb_content_width":"","_joinchat":[],"footnotes":""},"class_list":["post-15","page","type-page","status-publish","hentry"],"_links":{"self":[{"href":"https:\/\/roxannventura.uproyecto.com\/index.php?rest_route=\/wp\/v2\/pages\/15","targetHints":{"allow":["GET"]}}],"collection":[{"href":"https:\/\/roxannventura.uproyecto.com\/index.php?rest_route=\/wp\/v2\/pages"}],"about":[{"href":"https:\/\/roxannventura.uproyecto.com\/index.php?rest_route=\/wp\/v2\/types\/page"}],"author":[{"embeddable":true,"href":"https:\/\/roxannventura.uproyecto.com\/index.php?rest_route=\/wp\/v2\/users\/1"}],"replies":[{"embeddable":true,"href":"https:\/\/roxannventura.uproyecto.com\/index.php?rest_route=%2Fwp%2Fv2%2Fcomments&post=15"}],"version-history":[{"count":52,"href":"https:\/\/roxannventura.uproyecto.com\/index.php?rest_route=\/wp\/v2\/pages\/15\/revisions"}],"predecessor-version":[{"id":324,"href":"https:\/\/roxannventura.uproyecto.com\/index.php?rest_route=\/wp\/v2\/pages\/15\/revisions\/324"}],"wp:attachment":[{"href":"https:\/\/roxannventura.uproyecto.com\/index.php?rest_route=%2Fwp%2Fv2%2Fmedia&parent=15"}],"curies":[{"name":"wp","href":"https:\/\/api.w.org\/{rel}","templated":true}]}}